{"id":576,"date":"2019-12-04T18:43:26","date_gmt":"2019-12-04T17:43:26","guid":{"rendered":"http:\/\/leandroygaia.com\/rechtliches\/"},"modified":"2020-09-27T14:39:13","modified_gmt":"2020-09-27T12:39:13","slug":"rechtliches","status":"publish","type":"page","link":"https:\/\/leandroygaia.com\/de\/rechtliches\/","title":{"rendered":"Rechtliche Informationen"},"content":{"rendered":"\n<h4 class=\"wp-block-heading\">Verantwortlich f\u00fcr diese Website<\/h4>\n\n<p>Gaia Pisauro &amp; Leandro Furlan&#13;\nSch\u00f6nwalderstr. 23&#13;\n13347 Berlin &#8211; Germany<\/p>\n\n<p>Phone: +49 (0) 174 54 11 067&#13;\nEmail: info@leandroygaia.com<\/p>\n\n<p>Owner information also applies to the Facebook page <a href=\"https:\/\/facebook.com\/leandroygaia\">https:\/\/facebook.com\/leandroygaia<\/a> <\/p>\n\n<h4 class=\"wp-block-heading\">Urheberrechte<\/h4>\n\n<p>Alle Texte unterliegen dem Urheberrecht der Website-Verantwortlichen und d\u00fcrfen nicht ohne deren Einwilligung kopiert oder anderweitig verwendet werden!<\/p>\n\n<p>Seitentitel &#8222;\u00fcber uns&#8220; and &#8222;Reisen&#8220; \u00a9 Harald Keller. Alle anderen Seitentitel \u00a9 Ishka Michocka. Photo Gaia auf der &#8222;\u00fcber uns&#8220; Seite \u00a9 Kathleen F Rays.<\/p>\n\n<p>Gesch\u00fctze Fotographien d\u00fcrfen ohne die ausdr\u00fcckliche Einwilligung der jeweiligen Rechteinhabenden nicht heruntergeladen und verwendet werden.<\/p>\n\n<h2 class=\"wp-block-heading\">Datenschutz<\/h2>\n\n<p>So verwenden wir Ihre Daten in den folgenden F\u00e4llen:<\/p>\n\n<h4 class=\"wp-block-heading\">Kontakt mit uns<\/h4>\n\n<ul><li><strong>Wann:<\/strong> Wenn Sie mit uns per Email, Telefon oder anderweitig Verbindung aufnehmen.<\/li><li><strong>Verwendete Daten:<\/strong> Ihre Kontaktinformationen (z.B. E-Mail-Adresse, Telefonnummer, Ihr Name)<\/li><li><strong>Zweck:<\/strong> um Kontaktanfragen zu beantworten, zur Kommunikation innerhalb von Vertragsverh\u00e4ltnissen oder zur Erf\u00fcllung von vorvertraglichen Schritten auf Ihren Wunsch (DSGVO Art. 6 Abs. 1b).<\/li><\/ul>\n\n<h4 class=\"wp-block-heading\">Besuch unserer Website<\/h4>\n\n<ul><li><strong>Wann:<\/strong> Jedesmal, wenn Sie unsere Website aufrufen.<\/li><li><strong>Verwendete Daten: <\/strong>Ihre IP-Adresse, nutzungsbezogene Date wie bspw. aufgerufene Seiten, Besuchszeit, Fehlermeldungen, verwendeter Browser. Wir verwenden keine Cookies, aber eingebettete Dienste wie Youtube und Vimeo tun dies unter Umst\u00e4nden (siehe n\u00e4chster Abschnitt).<\/li><li><strong>Zugriff durch Dritte:<\/strong> Unser Webhost <a href=\"https:\/\/www.df.eu\/de\/impressum\/\">domainfactory GmbH<\/a> sammelt diese Daten f\u00fcr uns (siehe DF <a href=\"https:\/\/www.df.eu\/fileadmin\/media\/doc\/ADV_Kunden_Domainfactory.pdf\">Vereinbarung zur Auftragsdatenverarbeitung<\/a>).<\/li><li><strong>Zweck:<\/strong> Wir halten Server Logs sieben Tage lang aus sicherheitstechnischen Gr\u00fcnden vor um uns vor Hacker-Angriffen und Denial-of-Service-Angriffen zu sch\u00fctzen, sowie um Fehlfunktionen unserer Website festzustellen und zu analysieren (DSGVO Art. 6 Abs. 1f).<\/li><\/ul>\n\n<h4 class=\"wp-block-heading\">Betrachten von Videos auf unserer Website<\/h4>\n\n<ul><li><strong>Wann:<\/strong> Jedesmal, wenn Sie eine Seite \u00f6ffnen, die Video zeigt, wie z.B. die Startseite, die &#8222;Shows&#8220;-Seite, die &#8222;Kontakt&#8220;-Seite.<\/li><li><strong>Verwendete Daten:<\/strong> Ihre IP-Adresse, Nutzungsdaten (Browser\/OS, was Sie sich anschauen). Youtube und Vimeo k\u00f6nnen auch Cookies oder Web Beacons benutzen, um Ihre Aktivit\u00e4ten zu verfolgen oder Ihre Nutzungsdaten Ihrem dortigen Account zuzuordnen, sofern sie dort eingeloggt sind.<\/li><li><strong>Wie Sie Tracking verhindern:<\/strong> Wenn Sie einen Browser mit Tracking Protection nutzen, aktivieren Sie diese bitte (zum Zeitpunkt der Publikation dieser Erkl\u00e4rung sind dies Safari und Firefox). Bei Vimeo k\u00f6nnen Sie zudem w\u00e4hlen, nur nutzungsrelevante Cookies zuzulassen. Sie k\u00f6nnen ebenfalls in Ihem Browser s\u00e4mtliche Cookies Dritter sperren oder solche von bestimmten Websites. Konsultieren Sie dazu bitte z.B. Handbuch oder Online Hilfe Ihres Browsers.<\/li><li><strong>Verwendung durch Dritte:<\/strong>  <a href=\"https:\/\/www.google.de\/contact\/impressum.html\">Google Ireland Limited<\/a> sammelt Daten f\u00fcr Youtube Videos. Google is <a href=\"https:\/\/www.privacyshield.gov\/participant?id=a2zt0000000TRkEAAW&amp;status=Active\">Privacy Shield<\/a>-zertifiziert. <a href=\"https:\/\/vimeo.com\/privacy\">Vimeo<\/a> sammelt Daten f\u00fcr ihre eigenen Videos und ist ebenfalls Privacy Shield zertifiziert.<\/li><li><strong>Zweck:<\/strong> Um Sie \u00fcber unser Angebot effektiv zu informieren (DSGVO Art. 6 Abs. 1f)<\/li><\/ul>\n\n<h4 class=\"wp-block-heading\">Email Newsletter Marketing<\/h4>\n\n<ul><li><strong>Wann: <\/strong>Jedesmal, wenn wir unseren Newsletter verschicken.<\/li><li><strong>Verwendete Daten:<\/strong> Ihre Email-Adresse, Lese-Status (ob Sie die Email erhalten und ge\u00f6ffnet haben und falls ja, welchen Links Sie gefolgt sind). Sie k\u00f6nnen Ihre Einwilligung zu dieser Datenverwendung jederzeit widerrufen, indem sie auf den \u201eAbmelden\u201c-Link in jedem Newsletter klicken oder indem Sie <a href=\"https:\/\/leandroygaia.com\/de\/kontakt\/\">uns kontaktieren<\/a>.<\/li><li><strong>Zugriff durch Dritte:<\/strong> Wir verwenden <a href=\"https:\/\/mailchimp.com\">Mailchimp<\/a> f\u00fcr unser Email Marketing. Mailchimp ist zertifiziert durch <a href=\"https:\/\/www.privacyshield.gov\/participant?id=a2zt0000000TO6hAAG&amp;status=Active\">Privacy Shield<\/a> und verarbeitet Daten entsprechend ihrer <a href=\"https:\/\/mailchimp.com\/legal\/privacy\/\">Datenschutzrichtlinie<\/a>.<\/li><li><strong>Zweck:<\/strong> um unserer Kundschaft Informationen und Angebote zu senden (DSGVO Art. 6 Abs. 1f) sowie anderen interessierten Personen auf deren Wunsch hin (DSGVO Art. 6 Abs. 1a). Wir analysieren Nutzungsdaten um Newsletter-Design und -Inhalte zu verbessern. Wir behalten uns das Recht vor, auch abgemeldete Email-Adressen drei weitere Jahre zu speichern zum Nachweis einer vormalige, legitimen Verwendung. Wenn wir eine Email-Adresse wegen Spamming oder b\u00f6sartiger Angriffe blacklisten, behalten wir uns vor, diese Email-Adresse solange zu speichern, wie es notwendig ist unser Angebot zu sch\u00fctzen.<\/li><\/ul>\n\n<h4 class=\"wp-block-heading\">Anzeige von Google Fonts<\/h4>\n\n<ul><li><strong>Wann:<\/strong> einmal pro Tag und Browser, wenn Sie unsere Website besuchen<\/li><li><strong>Verwendete Daten:<\/strong> Google verwendet Zugriffsdaten (z.B. IP-Adresse, Referrer URLs) ausschliesslich um die Schriften bereitzustellen und deren Beliebtheit auszuwerten. Es werden keine Authentifizierungsdaten \u00fcbermittelt, auch nicht von Ihrem Google Account, falls Sie in Ihrem Browser dort eingeloggt sein sollten.<\/li><li><strong>Zugriff durch Dritte:<\/strong> Google Fonts werden bereitgestellt von <a href=\"https:\/\/www.google.de\/contact\/impressum.html\">Google Ireland Limited<\/a>. Ihre Daten werden dort <a href=\"https:\/\/www.google.com\/intl\/en\/policies\/privacy\/\">gesichert<\/a>. Google ist zertifiziert durch <a href=\"https:\/\/www.privacyshield.gov\/participant?id=a2zt0000000TRkEAAW&amp;status=Active\">Privacy Shield<\/a>.<\/li><li><strong>Zweck:<\/strong> Um einen benutzerfreundlichen und angenehmen Besuch der Website zu erm\u00f6glichen, der effizient und sicher ist (DSGVO Art. 6 Abs. 1f).<\/li><\/ul>\n","protected":false},"excerpt":{"rendered":"<p>Verantwortlich f\u00fcr diese Website Gaia Pisauro &amp; Leandro Furlan&#13; Sch\u00f6nwalderstr. 23&#13; 13347 Berlin &#8211; Germany Phone: +49 (0) 174 54 11 067&#13; Email: info@leandroygaia.com Owner information also applies to the Facebook page https:\/\/facebook.com\/leandroygaia Urheberrechte Alle Texte unterliegen dem Urheberrecht der Website-Verantwortlichen und d\u00fcrfen nicht ohne deren Einwilligung kopiert oder anderweitig verwendet werden! Seitentitel &#8222;\u00fcber uns&#8220; [&hellip;]<\/p>\n","protected":false},"author":3,"featured_media":0,"parent":0,"menu_order":20,"comment_status":"closed","ping_status":"closed","template":"","meta":{"_acf_changed":false,"footnotes":""},"acf":[],"_links":{"self":[{"href":"https:\/\/leandroygaia.com\/de\/wp-json\/wp\/v2\/pages\/576"}],"collection":[{"href":"https:\/\/leandroygaia.com\/de\/wp-json\/wp\/v2\/pages"}],"about":[{"href":"https:\/\/leandroygaia.com\/de\/wp-json\/wp\/v2\/types\/page"}],"author":[{"embeddable":true,"href":"https:\/\/leandroygaia.com\/de\/wp-json\/wp\/v2\/users\/3"}],"replies":[{"embeddable":true,"href":"https:\/\/leandroygaia.com\/de\/wp-json\/wp\/v2\/comments?post=576"}],"version-history":[{"count":5,"href":"https:\/\/leandroygaia.com\/de\/wp-json\/wp\/v2\/pages\/576\/revisions"}],"predecessor-version":[{"id":781,"href":"https:\/\/leandroygaia.com\/de\/wp-json\/wp\/v2\/pages\/576\/revisions\/781"}],"wp:attachment":[{"href":"https:\/\/leandroygaia.com\/de\/wp-json\/wp\/v2\/media?parent=576"}],"curies":[{"name":"wp","href":"https:\/\/api.w.org\/{rel}","templated":true}]}}