{"id":495,"date":"2019-11-21T14:16:42","date_gmt":"2019-11-21T13:16:42","guid":{"rendered":"http:\/\/leandroygaia.com\/dl-de\/"},"modified":"2019-11-21T14:20:15","modified_gmt":"2019-11-21T13:20:15","slug":"dl-de","status":"publish","type":"page","link":"https:\/\/leandroygaia.com\/de\/dl-de\/","title":{"rendered":"Bilder Download"},"content":{"rendered":"\n<p>Ausschliesslich Mitglieder der Presse und Event-Veranstaltende sind befugt von dieser Seite Bilder herunterzuladen und zu nutzen. Als solche bitten wir Sie unsere Bedingungen f\u00fcr die Verwendung unserer Bilder zu beachten:<\/p>\n\n<h4 class=\"wp-block-heading\">Nutzungsrecht f\u00fcr EIN Projekt\/Artikel<\/h4>\n\n<p class=\"has-small-font-size\">Mit dem Download-Passworts erhalten Sie ein nicht-exklusives Nutzungsrecht f\u00fcr unsere Bilder f\u00fcr EIN Projekt bzw. Event oder Artikel, sofern nichts anderes vereinbart wurde. Sie d\u00fcrfen Bilder sowohl auf dazugeh\u00f6rigen Drucksachen als auch online auf Ihrer Website oder Facebook Seite verwenden. Sie d\u00fcrfen Bilder modifizieren und beschneiden um sie dem Ihrem Designs anpassen, solange dies professionell und geschmackvoll erfolgt und Motiv oder Bildaussage nicht verzerrt oder entfremdet wird.<\/p>\n\n<h4 class=\"wp-block-heading\">Hochaufl\u00f6sende Versionen nur f\u00fcr Print<\/h4>\n\n<p class=\"has-small-font-size\">Bitte benutzen Sie die hochaufl\u00f6sende Version der Bilder auf keine Fall im Internet! Sie d\u00fcrfen die hochaufl\u00f6sende Version ausschliesslich f\u00fcr Drucksachen verwenden. Sie stimmen zu, im Internet einschliesslich Social Media Seiten lediglich Versionen bis maximal 1200px L\u00e4nge zu verwenden. Beide Versionen sind im Download enthalten.<\/p>\n\n<h4 class=\"wp-block-heading\">Beachtung des Rechts auf Freigabe<\/h4>\n\n<p class=\"has-small-font-size\">Flyer, Poster, Web Banner und jede andere Publikation, die mit unseren Bildern erstellt wird, muss uns als Korrekturexemplar vor der Ver\u00f6ffentlichung vorgelegt werden. Wir behalten uns das Recht vor, Materialien, die uns auf irref\u00fchrende Art oder eine solche, die geeignet ist unsere Reputation zu besch\u00e4digen, darstellt, abzulehnen. In dem Fall darf diese nicht ver\u00f6ffentlich werden, bis wir eine f\u00fcr beide Seiten akzeptable L\u00f6sung gefunden haben.<\/p>\n\n<h4 class=\"wp-block-heading\">Beachtung des Urheberrechts<\/h4>\n\n<p class=\"has-small-font-size\"> Jede Datei beinhaltet ein Bild und die entsprechende Urheberrechtsangabe. In dem Sie Bilder herunterladen, versichern Sie diese mit den korrekten Urheberangaben am Bild entsprechend dem deutschen Kunsturhebergesetz zu versehen.<\/p>\n\n<p><em>Klicken Sie auf ein Bild um es herunterzuladen:<\/em><\/p>\n","protected":false},"excerpt":{"rendered":"<p>Ausschliesslich Mitglieder der Presse und Event-Veranstaltende sind befugt von dieser Seite Bilder herunterzuladen und zu nutzen. Als solche bitten wir Sie unsere Bedingungen f\u00fcr die Verwendung unserer Bilder zu beachten: Nutzungsrecht f\u00fcr EIN Projekt\/Artikel Mit dem Download-Passworts erhalten Sie ein nicht-exklusives Nutzungsrecht f\u00fcr unsere Bilder f\u00fcr EIN Projekt bzw. Event oder Artikel, sofern nichts anderes [&hellip;]<\/p>\n","protected":false},"author":3,"featured_media":0,"parent":0,"menu_order":10,"comment_status":"closed","ping_status":"closed","template":"","meta":{"_acf_changed":false,"footnotes":""},"acf":[],"_links":{"self":[{"href":"https:\/\/leandroygaia.com\/de\/wp-json\/wp\/v2\/pages\/495"}],"collection":[{"href":"https:\/\/leandroygaia.com\/de\/wp-json\/wp\/v2\/pages"}],"about":[{"href":"https:\/\/leandroygaia.com\/de\/wp-json\/wp\/v2\/types\/page"}],"author":[{"embeddable":true,"href":"https:\/\/leandroygaia.com\/de\/wp-json\/wp\/v2\/users\/3"}],"replies":[{"embeddable":true,"href":"https:\/\/leandroygaia.com\/de\/wp-json\/wp\/v2\/comments?post=495"}],"version-history":[{"count":2,"href":"https:\/\/leandroygaia.com\/de\/wp-json\/wp\/v2\/pages\/495\/revisions"}],"predecessor-version":[{"id":498,"href":"https:\/\/leandroygaia.com\/de\/wp-json\/wp\/v2\/pages\/495\/revisions\/498"}],"wp:attachment":[{"href":"https:\/\/leandroygaia.com\/de\/wp-json\/wp\/v2\/media?parent=495"}],"curies":[{"name":"wp","href":"https:\/\/api.w.org\/{rel}","templated":true}]}}