{"id":425,"date":"2019-11-14T16:25:16","date_gmt":"2019-11-14T15:25:16","guid":{"rendered":"http:\/\/leandroygaia.com\/tangoreisen\/"},"modified":"2020-01-17T03:46:38","modified_gmt":"2020-01-17T02:46:38","slug":"tangoreisen","status":"publish","type":"page","link":"https:\/\/leandroygaia.com\/de\/tangoreisen\/","title":{"rendered":"Tangoreisen"},"content":{"rendered":"\n<p>Nie wieder Tango im Urlaub vermissen: Wir unterrichten auch auf sonnigen Inseln und in verschneiten Winterw\u00e4ldern. Du kannst mit uns Tango \u00fcben, laue Sommerabend-Milongas verbringen oder Dich tanzend am Kamin aufw\u00e4rmen &#8212; an wundervollen Orten in ganz Europa.<\/p>\n\n<p>Besonders herzlich laden wir Dich auf unsere &#8222;Summer Tango Treats&#8220; ein, budget-freundliche Tangoferien an pittoresken l\u00e4ndlichen Orten in <a href=\"https:\/\/leandroygaia.com\/de\/tango\/event\/summer-tango-treat-italian-holidays\/\">Italien<\/a> and <a href=\"https:\/\/leandroygaia.com\/de\/tango\/event\/summer-tango-treat\/\">Polen<\/a>, die wir jedes Jahr selbst organisieren.<\/p>\n","protected":false},"excerpt":{"rendered":"<p>Nie wieder Tango im Urlaub vermissen: Wir unterrichten auch auf sonnigen Inseln und in verschneiten Winterw\u00e4ldern. Du kannst mit uns Tango \u00fcben, laue Sommerabend-Milongas verbringen oder Dich tanzend am Kamin aufw\u00e4rmen &#8212; an wundervollen Orten in ganz Europa. Besonders herzlich laden wir Dich auf unsere &#8222;Summer Tango Treats&#8220; ein, budget-freundliche Tangoferien an pittoresken l\u00e4ndlichen Orten [&hellip;]<\/p>\n","protected":false},"author":3,"featured_media":777,"parent":0,"menu_order":3,"comment_status":"closed","ping_status":"closed","template":"","meta":{"_acf_changed":false,"footnotes":""},"acf":[],"_links":{"self":[{"href":"https:\/\/leandroygaia.com\/de\/wp-json\/wp\/v2\/pages\/425"}],"collection":[{"href":"https:\/\/leandroygaia.com\/de\/wp-json\/wp\/v2\/pages"}],"about":[{"href":"https:\/\/leandroygaia.com\/de\/wp-json\/wp\/v2\/types\/page"}],"author":[{"embeddable":true,"href":"https:\/\/leandroygaia.com\/de\/wp-json\/wp\/v2\/users\/3"}],"replies":[{"embeddable":true,"href":"https:\/\/leandroygaia.com\/de\/wp-json\/wp\/v2\/comments?post=425"}],"version-history":[{"count":10,"href":"https:\/\/leandroygaia.com\/de\/wp-json\/wp\/v2\/pages\/425\/revisions"}],"predecessor-version":[{"id":672,"href":"https:\/\/leandroygaia.com\/de\/wp-json\/wp\/v2\/pages\/425\/revisions\/672"}],"wp:featuredmedia":[{"embeddable":true,"href":"https:\/\/leandroygaia.com\/de\/wp-json\/wp\/v2\/media\/777"}],"wp:attachment":[{"href":"https:\/\/leandroygaia.com\/de\/wp-json\/wp\/v2\/media?parent=425"}],"curies":[{"name":"wp","href":"https:\/\/api.w.org\/{rel}","templated":true}]}}