{"id":343,"date":"2019-11-10T14:03:56","date_gmt":"2019-11-10T14:03:56","guid":{"rendered":"http:\/\/leandroygaia.com\/kurse\/"},"modified":"2023-09-21T10:30:28","modified_gmt":"2023-09-21T08:30:28","slug":"kurse","status":"publish","type":"page","link":"https:\/\/leandroygaia.com\/de\/kurse\/","title":{"rendered":"Tango Unterricht"},"content":{"rendered":"\r\n<blockquote class=\"wp-block-quote is-layout-flow wp-block-quote-is-layout-flow\">\r\n<p>Tanz ist die versteckte Sprache der Seele.<\/p>\r\n<cite>Martha Graham<\/cite><\/blockquote>\r\n\r\n\r\n\r\n<p>Tanz ist eine Sprache und die Tanztechnik das Vokabular: In unserem Unterricht lernst Du die Technik zu benutzen um Dich im Tanz auszudr\u00fccken und die Verbindung mit ParterIn und der Musik zu geniessen. Unser Unterricht vermittelt Pr\u00e4zision und Emotion mit dem Schwerpunkt auf der Verbindung zwischen zwei Menschen.<\/p>\r\n\r\n\r\n\r\n<p>Du lernst bei uns moderne und traditionelle Tango-Elemente, verschiedene Dynamiken dazu und wie Du diese Elemente zu verschiedener Tangomusik benutzen kannst (als Folgende und als F\u00fchrende!). Mit Hilfe von Figuren schauen wir uns an, wie Elemente auf der Tanzfl\u00e4che kombiniert werden k\u00f6nnen und vielleicht entdeckst Du sogar neue, eigene Varianten oder Verzierungen.<\/p>\r\n\r\n\r\n\r\n<p>Unser Unterricht findet im <a href=\"https:\/\/noutango.berlin\">Nou Tango, <\/a>in der <a href=\"https:\/\/www.malajunta.de\/\">Mala Junta<\/a> und <a href=\"https:\/\/www.lisahinrichsen.com\/meine-raeume-1\/\">Ackerstra\u00dfe<\/a>. Komm einfach vorbei und mach mit; eine vorherige Anmeldung oder Mitgliedschaft ist nicht notwendig \ud83d\ude42 . F\u00fcr die Workshops bitten wir Dich um vorherige Anmeldung per Email.<\/p>\r\n<p>&nbsp;<\/p>\r\n<p>F\u00fcr die Sommerkurse\u00a0 (Juli und August) gelten andere Zeiten. Bitte schreiben Sie uns, um \u00fcber einen Termin sich zu erkundigen!<\/p>\r\n","protected":false},"excerpt":{"rendered":"<p>Tanz ist die versteckte Sprache der Seele. Martha Graham Tanz ist eine Sprache und die Tanztechnik das Vokabular: In unserem Unterricht lernst Du die Technik zu benutzen um Dich im Tanz auszudr\u00fccken und die Verbindung mit ParterIn und der Musik zu geniessen. Unser Unterricht vermittelt Pr\u00e4zision und Emotion mit dem Schwerpunkt auf der Verbindung zwischen [&hellip;]<\/p>\n","protected":false},"author":3,"featured_media":558,"parent":0,"menu_order":1,"comment_status":"closed","ping_status":"closed","template":"","meta":{"_acf_changed":false,"footnotes":""},"acf":[],"_links":{"self":[{"href":"https:\/\/leandroygaia.com\/de\/wp-json\/wp\/v2\/pages\/343"}],"collection":[{"href":"https:\/\/leandroygaia.com\/de\/wp-json\/wp\/v2\/pages"}],"about":[{"href":"https:\/\/leandroygaia.com\/de\/wp-json\/wp\/v2\/types\/page"}],"author":[{"embeddable":true,"href":"https:\/\/leandroygaia.com\/de\/wp-json\/wp\/v2\/users\/3"}],"replies":[{"embeddable":true,"href":"https:\/\/leandroygaia.com\/de\/wp-json\/wp\/v2\/comments?post=343"}],"version-history":[{"count":6,"href":"https:\/\/leandroygaia.com\/de\/wp-json\/wp\/v2\/pages\/343\/revisions"}],"predecessor-version":[{"id":1166,"href":"https:\/\/leandroygaia.com\/de\/wp-json\/wp\/v2\/pages\/343\/revisions\/1166"}],"wp:featuredmedia":[{"embeddable":true,"href":"https:\/\/leandroygaia.com\/de\/wp-json\/wp\/v2\/media\/558"}],"wp:attachment":[{"href":"https:\/\/leandroygaia.com\/de\/wp-json\/wp\/v2\/media?parent=343"}],"curies":[{"name":"wp","href":"https:\/\/api.w.org\/{rel}","templated":true}]}}